{"id":2005,"date":"2022-02-21T15:18:18","date_gmt":"2022-02-21T15:18:18","guid":{"rendered":"https:\/\/abanothermalcare.com\/domande-utili\/"},"modified":"2022-03-01T13:56:58","modified_gmt":"2022-03-01T13:56:58","slug":"nutzliche-fragen","status":"publish","type":"page","link":"https:\/\/www.abanothermalcare.com\/de\/nutzliche-fragen\/","title":{"rendered":"N\u00fctzliche Fragen"},"content":{"rendered":"<div id='full_slider_1'  class='avia-fullwidth-slider main_color avia-shadow   avia-builder-el-0  el_before_av_heading  avia-builder-el-first   container_wrap sidebar_right'  ><div   data-size='featured'  data-lightbox_size='large'  data-animation='slide'  data-conditional_play=''  data-ids='3020'  data-video_counter='0'  data-autoplay='false'  data-bg_slider='false'  data-slide_height=''  data-handle='av_slideshow_full'  data-interval='5'  data-class=' '  data-el_id=''  data-css_id=''  data-scroll_down=''  data-control_layout='av-control-default'  data-custom_markup=''  data-perma_caption=''  data-autoplay_stopper=''  data-image_attachment=''  data-min_height='350px'  data-lazy_loading='disabled'  data-src=''  data-position='top left'  data-repeat='no-repeat'  data-attach='scroll'  data-stretch=''  data-img_scrset=''  data-default-height='28.666666666667'  class='avia-slideshow avia-slideshow-1  av-control-default av-default-height-applied avia-slideshow-featured av_slideshow_full   avia-slide-slider '  itemprop=\"image\" itemscope=\"itemscope\" itemtype=\"https:\/\/schema.org\/ImageObject\" ><ul class='avia-slideshow-inner ' style='padding-bottom: 28.666666666667%;' ><li  class=' av-single-slide slide-1 ' ><div data-rel='slideshow-1' class='avia-slide-wrap '   ><img decoding=\"async\" class=\"wp-image-3020 avia-img-lazy-loading-not-3020\"  src=\"https:\/\/www.abanothermalcare.com\/wp-content\/uploads\/2022\/03\/03-1500x430.jpg\" width=\"1500\" height=\"430\" title='Vacanze &amp; Relax' alt=''  itemprop=\"thumbnailUrl\"  style='min-height:350px; min-width:1221px; ' \/><\/div><\/li><\/ul><\/div><\/div><div id='after_full_slider_1'  class='main_color av_default_container_wrap container_wrap sidebar_right'  ><div class='container av-section-cont-open' ><div class='template-page content  av-content-small alpha units'><div class='post-entry post-entry-type-page post-entry-2005'><div class='entry-content-wrapper clearfix'>\n\n<style type=\"text\/css\" data-created_by=\"avia_inline_auto\" id=\"style-css-av-kzwwo9cz-d9715e15a49abfab95ce52ca140a5abe\">\n#top .av-special-heading.av-kzwwo9cz-d9715e15a49abfab95ce52ca140a5abe{\npadding-bottom:10px;\n}\nbody .av-special-heading.av-kzwwo9cz-d9715e15a49abfab95ce52ca140a5abe .av-special-heading-tag .heading-char{\nfont-size:25px;\n}\n.av-special-heading.av-kzwwo9cz-d9715e15a49abfab95ce52ca140a5abe .av-subheading{\nfont-size:15px;\n}\n<\/style>\n<div  class='av-special-heading av-kzwwo9cz-d9715e15a49abfab95ce52ca140a5abe av-special-heading-h1 blockquote modern-quote modern-centered  avia-builder-el-1  el_after_av_slideshow_full  el_before_av_two_third  avia-builder-el-first '><h1 class='av-special-heading-tag'  itemprop=\"headline\"  >N\u00fctzliche Fragen<\/h1><div class='av-subheading av-subheading_below'><p>Unser Arzt ist f\u00fcr Sie da!<\/p>\n<\/div><div class=\"special-heading-border\"><div class=\"special-heading-inner-border\"><\/div><\/div><\/div>\n<div class='flex_column av-av_two_third-a93934ecd89fbb8a9566d39e89cd3725 av_two_third  avia-builder-el-2  el_after_av_heading  el_before_av_hr  first flex_column_div '   ><p><section  class='av_textblock_section av-kzwwp3hv-0fc8e35eea81f1daa50c531d91a3ee06'  itemscope=\"itemscope\" itemtype=\"https:\/\/schema.org\/CreativeWork\" ><div class='avia_textblock'  itemprop=\"text\" ><p>Hier sind einige Fragen, die uns h\u00e4ufig gestellt werden:<\/p>\n<\/div><\/section><br \/>\n<div  class='togglecontainer av-kzwwsven-650fd6adf3cb22092a639770a000fac9 av-elegant-toggle  avia-builder-el-4  el_after_av_textblock  avia-builder-el-last ' >\n<section class='av_toggle_section av-kzwwrpz3-c7ae880af53eac154025c816dfad4fae'  itemscope=\"itemscope\" itemtype=\"https:\/\/schema.org\/CreativeWork\" ><div role=\"tablist\" class=\"single_toggle\" data-tags=\"{Alle} \"  ><p data-fake-id='#toggle-id-1' class='toggler  activeTitle '  itemprop=\"headline\"  role='tab' tabindex='0' aria-controls='toggle-id-1'>Was kann mit Thermalfango behandelt werden?<span class=\"toggle_icon\"><span class=\"vert_icon\"><\/span><span class=\"hor_icon\"><\/span><\/span><\/p><div id='toggle-id-1' class='toggle_wrap  active_tc' style='display:block;' ><div class='toggle_content invers-color '  itemprop=\"text\" ><p>Mit dem Thermalschlamm behandeln wir Zust\u00e4nde im Zusammenhang mit osteoartikul\u00e4ren Schmerzen, extraartikul\u00e4rem Rheumatismus und Rehabilitation von Traumata sowie chirurgischen und therapeutischen Eingriffen.<\/p>\n<\/div><\/div><\/div><\/section>\n<section class='av_toggle_section av-kzwws8cj-6f548cb731c419b91fa7846946a70846'  itemscope=\"itemscope\" itemtype=\"https:\/\/schema.org\/CreativeWork\" ><div role=\"tablist\" class=\"single_toggle\" data-tags=\"{Alle} \"  ><p data-fake-id='#toggle-id-2' class='toggler   '  itemprop=\"headline\"  role='tab' tabindex='0' aria-controls='toggle-id-2'>Sind diese Behandlungen durch Vereinbarungen abgedeckt?<span class=\"toggle_icon\"><span class=\"vert_icon\"><\/span><span class=\"hor_icon\"><\/span><\/span><\/p><div id='toggle-id-2' class='toggle_wrap  '  ><div class='toggle_content invers-color '  itemprop=\"text\" ><p>Der Zugang zur Kurbehandlung ist mit einer Verordnung des Hausarztes m\u00f6glich, in der die Pathologie der Person, die therapeutische Indikation und die Anzahl der verordneten Behandlungen angegeben sein m\u00fcssen.<\/p>\n<\/div><\/div><\/div><\/section>\n<\/div><\/p><\/div>\n\n<style type=\"text\/css\" data-created_by=\"avia_inline_auto\" id=\"style-css-av-kzwwto1u-4e6cb3757e486cf7eb8064d26bb14539\">\n#top .hr.hr-invisible.av-kzwwto1u-4e6cb3757e486cf7eb8064d26bb14539{\nheight:30px;\n}\n<\/style>\n<div  class='hr av-kzwwto1u-4e6cb3757e486cf7eb8064d26bb14539 hr-invisible  avia-builder-el-5  el_after_av_two_third  el_before_av_textblock '><span class='hr-inner '><span class=\"hr-inner-style\"><\/span><\/span><\/div>\n<section  class='av_textblock_section av-kzwwr7vg-1be8fda856eae514970b18361e1b721d'  itemscope=\"itemscope\" itemtype=\"https:\/\/schema.org\/CreativeWork\" ><div class='avia_textblock'  itemprop=\"text\" ><p>Wenn Sie weitere Fragen haben, f\u00fcllen Sie bitte das nachstehende Formular aus und wenden Sie sich an unseren Arzt!<\/p>\n<\/div><\/section>\n<div class='flex_column av-ojiom-880408baf677ea15669cdec3978aae14 av_one_fifth  avia-builder-el-7  el_after_av_textblock  el_before_av_three_fifth  first flex_column_div column-top-margin'   ><\/div>\n<div class='flex_column av-5etx4m-c6840a75434d12782d453f4d45679e60 av_three_fifth  avia-builder-el-8  el_after_av_one_fifth  el_before_av_one_fifth  flex_column_div column-top-margin'   ><\/div>\n<div class='flex_column av-2es69i-6dada39c07393f90295a67c489fc5176 av_one_fifth  avia-builder-el-10  el_after_av_three_fifth  avia-builder-el-last  flex_column_div column-top-margin'   ><\/div>\n","protected":false},"excerpt":{"rendered":"","protected":false},"author":1,"featured_media":0,"parent":0,"menu_order":0,"comment_status":"closed","ping_status":"closed","template":"","meta":{"footnotes":""},"class_list":["post-2005","page","type-page","status-publish","hentry"],"yoast_head":"<!-- This site is optimized with the Yoast SEO plugin v26.0 - https:\/\/yoast.com\/wordpress\/plugins\/seo\/ -->\n<title>N\u00fctzliche Fragen - Abano Thermal Care<\/title>\n<meta name=\"robots\" content=\"index, follow, max-snippet:-1, max-image-preview:large, max-video-preview:-1\" \/>\n<link rel=\"canonical\" href=\"https:\/\/www.abanothermalcare.com\/de\/nutzliche-fragen\/\" \/>\n<meta property=\"og:locale\" content=\"de_DE\" \/>\n<meta property=\"og:type\" content=\"article\" \/>\n<meta property=\"og:title\" content=\"N\u00fctzliche Fragen - Abano Thermal Care\" \/>\n<meta property=\"og:url\" content=\"https:\/\/www.abanothermalcare.com\/de\/nutzliche-fragen\/\" \/>\n<meta property=\"og:site_name\" content=\"Abano Thermal Care\" \/>\n<meta property=\"article:publisher\" content=\"https:\/\/www.facebook.com\/abanothermalcare\" \/>\n<meta property=\"article:modified_time\" content=\"2022-03-01T13:56:58+00:00\" \/>\n<meta name=\"twitter:card\" content=\"summary_large_image\" \/>\n<meta name=\"twitter:label1\" content=\"Gesch\u00e4tzte Lesezeit\" \/>\n\t<meta name=\"twitter:data1\" content=\"9\u00a0Minuten\" \/>\n<script type=\"application\/ld+json\" class=\"yoast-schema-graph\">{\"@context\":\"https:\/\/schema.org\",\"@graph\":[{\"@type\":\"WebPage\",\"@id\":\"https:\/\/www.abanothermalcare.com\/de\/nutzliche-fragen\/\",\"url\":\"https:\/\/www.abanothermalcare.com\/de\/nutzliche-fragen\/\",\"name\":\"N\u00fctzliche Fragen - Abano Thermal Care\",\"isPartOf\":{\"@id\":\"https:\/\/www.abanothermalcare.com\/de\/#website\"},\"datePublished\":\"2022-02-21T15:18:18+00:00\",\"dateModified\":\"2022-03-01T13:56:58+00:00\",\"breadcrumb\":{\"@id\":\"https:\/\/www.abanothermalcare.com\/de\/nutzliche-fragen\/#breadcrumb\"},\"inLanguage\":\"de\",\"potentialAction\":[{\"@type\":\"ReadAction\",\"target\":[\"https:\/\/www.abanothermalcare.com\/de\/nutzliche-fragen\/\"]}]},{\"@type\":\"BreadcrumbList\",\"@id\":\"https:\/\/www.abanothermalcare.com\/de\/nutzliche-fragen\/#breadcrumb\",\"itemListElement\":[{\"@type\":\"ListItem\",\"position\":1,\"name\":\"Home\",\"item\":\"https:\/\/www.abanothermalcare.com\/de\/homepage\/\"},{\"@type\":\"ListItem\",\"position\":2,\"name\":\"N\u00fctzliche Fragen\"}]},{\"@type\":\"WebSite\",\"@id\":\"https:\/\/www.abanothermalcare.com\/de\/#website\",\"url\":\"https:\/\/www.abanothermalcare.com\/de\/\",\"name\":\"Abano Thermal Care\",\"description\":\"Abano in benessere\",\"publisher\":{\"@id\":\"https:\/\/www.abanothermalcare.com\/de\/#organization\"},\"potentialAction\":[{\"@type\":\"SearchAction\",\"target\":{\"@type\":\"EntryPoint\",\"urlTemplate\":\"https:\/\/www.abanothermalcare.com\/de\/?s={search_term_string}\"},\"query-input\":{\"@type\":\"PropertyValueSpecification\",\"valueRequired\":true,\"valueName\":\"search_term_string\"}}],\"inLanguage\":\"de\"},{\"@type\":\"Organization\",\"@id\":\"https:\/\/www.abanothermalcare.com\/de\/#organization\",\"name\":\"Abano Thermalcare\",\"url\":\"https:\/\/www.abanothermalcare.com\/de\/\",\"logo\":{\"@type\":\"ImageObject\",\"inLanguage\":\"de\",\"@id\":\"https:\/\/www.abanothermalcare.com\/de\/#\/schema\/logo\/image\/\",\"url\":\"https:\/\/www.abanothermalcare.com\/wp-content\/uploads\/2022\/02\/Abano-Thermalcare-logo.png\",\"contentUrl\":\"https:\/\/www.abanothermalcare.com\/wp-content\/uploads\/2022\/02\/Abano-Thermalcare-logo.png\",\"width\":753,\"height\":148,\"caption\":\"Abano Thermalcare\"},\"image\":{\"@id\":\"https:\/\/www.abanothermalcare.com\/de\/#\/schema\/logo\/image\/\"},\"sameAs\":[\"https:\/\/www.facebook.com\/abanothermalcare\"]}]}<\/script>\n<!-- \/ Yoast SEO plugin. -->","yoast_head_json":{"title":"N\u00fctzliche Fragen - Abano Thermal Care","robots":{"index":"index","follow":"follow","max-snippet":"max-snippet:-1","max-image-preview":"max-image-preview:large","max-video-preview":"max-video-preview:-1"},"canonical":"https:\/\/www.abanothermalcare.com\/de\/nutzliche-fragen\/","og_locale":"de_DE","og_type":"article","og_title":"N\u00fctzliche Fragen - Abano Thermal Care","og_url":"https:\/\/www.abanothermalcare.com\/de\/nutzliche-fragen\/","og_site_name":"Abano Thermal Care","article_publisher":"https:\/\/www.facebook.com\/abanothermalcare","article_modified_time":"2022-03-01T13:56:58+00:00","twitter_card":"summary_large_image","twitter_misc":{"Gesch\u00e4tzte Lesezeit":"9\u00a0Minuten"},"schema":{"@context":"https:\/\/schema.org","@graph":[{"@type":"WebPage","@id":"https:\/\/www.abanothermalcare.com\/de\/nutzliche-fragen\/","url":"https:\/\/www.abanothermalcare.com\/de\/nutzliche-fragen\/","name":"N\u00fctzliche Fragen - Abano Thermal Care","isPartOf":{"@id":"https:\/\/www.abanothermalcare.com\/de\/#website"},"datePublished":"2022-02-21T15:18:18+00:00","dateModified":"2022-03-01T13:56:58+00:00","breadcrumb":{"@id":"https:\/\/www.abanothermalcare.com\/de\/nutzliche-fragen\/#breadcrumb"},"inLanguage":"de","potentialAction":[{"@type":"ReadAction","target":["https:\/\/www.abanothermalcare.com\/de\/nutzliche-fragen\/"]}]},{"@type":"BreadcrumbList","@id":"https:\/\/www.abanothermalcare.com\/de\/nutzliche-fragen\/#breadcrumb","itemListElement":[{"@type":"ListItem","position":1,"name":"Home","item":"https:\/\/www.abanothermalcare.com\/de\/homepage\/"},{"@type":"ListItem","position":2,"name":"N\u00fctzliche Fragen"}]},{"@type":"WebSite","@id":"https:\/\/www.abanothermalcare.com\/de\/#website","url":"https:\/\/www.abanothermalcare.com\/de\/","name":"Abano Thermal Care","description":"Abano in benessere","publisher":{"@id":"https:\/\/www.abanothermalcare.com\/de\/#organization"},"potentialAction":[{"@type":"SearchAction","target":{"@type":"EntryPoint","urlTemplate":"https:\/\/www.abanothermalcare.com\/de\/?s={search_term_string}"},"query-input":{"@type":"PropertyValueSpecification","valueRequired":true,"valueName":"search_term_string"}}],"inLanguage":"de"},{"@type":"Organization","@id":"https:\/\/www.abanothermalcare.com\/de\/#organization","name":"Abano Thermalcare","url":"https:\/\/www.abanothermalcare.com\/de\/","logo":{"@type":"ImageObject","inLanguage":"de","@id":"https:\/\/www.abanothermalcare.com\/de\/#\/schema\/logo\/image\/","url":"https:\/\/www.abanothermalcare.com\/wp-content\/uploads\/2022\/02\/Abano-Thermalcare-logo.png","contentUrl":"https:\/\/www.abanothermalcare.com\/wp-content\/uploads\/2022\/02\/Abano-Thermalcare-logo.png","width":753,"height":148,"caption":"Abano Thermalcare"},"image":{"@id":"https:\/\/www.abanothermalcare.com\/de\/#\/schema\/logo\/image\/"},"sameAs":["https:\/\/www.facebook.com\/abanothermalcare"]}]}},"_links":{"self":[{"href":"https:\/\/www.abanothermalcare.com\/de\/wp-json\/wp\/v2\/pages\/2005","targetHints":{"allow":["GET"]}}],"collection":[{"href":"https:\/\/www.abanothermalcare.com\/de\/wp-json\/wp\/v2\/pages"}],"about":[{"href":"https:\/\/www.abanothermalcare.com\/de\/wp-json\/wp\/v2\/types\/page"}],"author":[{"embeddable":true,"href":"https:\/\/www.abanothermalcare.com\/de\/wp-json\/wp\/v2\/users\/1"}],"replies":[{"embeddable":true,"href":"https:\/\/www.abanothermalcare.com\/de\/wp-json\/wp\/v2\/comments?post=2005"}],"version-history":[{"count":8,"href":"https:\/\/www.abanothermalcare.com\/de\/wp-json\/wp\/v2\/pages\/2005\/revisions"}],"predecessor-version":[{"id":3025,"href":"https:\/\/www.abanothermalcare.com\/de\/wp-json\/wp\/v2\/pages\/2005\/revisions\/3025"}],"wp:attachment":[{"href":"https:\/\/www.abanothermalcare.com\/de\/wp-json\/wp\/v2\/media?parent=2005"}],"curies":[{"name":"wp","href":"https:\/\/api.w.org\/{rel}","templated":true}]}}