{"id":2025,"date":"2022-01-18T15:53:20","date_gmt":"2022-01-18T15:53:20","guid":{"rendered":"https:\/\/abanothermalcare.com\/thermalcare\/"},"modified":"2022-02-25T18:58:39","modified_gmt":"2022-02-25T18:58:39","slug":"thermalcare","status":"publish","type":"page","link":"https:\/\/www.abanothermalcare.com\/de\/thermalcare\/","title":{"rendered":"Thermalcare"},"content":{"rendered":"<div id='full_slider_1'  class='avia-fullwidth-slider main_color avia-shadow   avia-builder-el-0  el_before_av_heading  avia-builder-el-first  abano-motivi  container_wrap sidebar_right'  ><div   data-size='featured'  data-lightbox_size='large'  data-animation='slide'  data-conditional_play=''  data-ids='2489'  data-video_counter='0'  data-autoplay='false'  data-bg_slider='false'  data-slide_height=''  data-handle='av_slideshow_full'  data-interval='5'  data-class=' '  data-el_id=''  data-css_id=''  data-scroll_down=''  data-control_layout='av-control-default'  data-custom_markup=''  data-perma_caption=''  data-autoplay_stopper=''  data-image_attachment=''  data-min_height='350px'  data-lazy_loading='disabled'  data-src=''  data-position='top left'  data-repeat='no-repeat'  data-attach='scroll'  data-stretch=''  data-img_scrset=''  data-default-height='28.666666666667'  class='avia-slideshow avia-slideshow-1  av-control-default av-default-height-applied avia-slideshow-featured av_slideshow_full   avia-slide-slider '  itemprop=\"image\" itemscope=\"itemscope\" itemtype=\"https:\/\/schema.org\/ImageObject\" ><ul class='avia-slideshow-inner ' style='padding-bottom: 23.333333333333%;' ><li  class=' av-single-slide slide-1 ' ><div data-rel='slideshow-1' class='avia-slide-wrap '   ><div class = \"caption_fullwidth av-slideshow-caption caption_right caption_right_framed caption_framed\"><div class = \"container caption_container\"><div class = \"slideshow_caption\"><div class = \"slideshow_inner_caption\"><div class = \"slideshow_align_caption\"><div class='avia-caption-content  av_inherit_color'  itemprop=\"description\"   style='color:#ffffff; '><p><a href=\"\/100-grunde-fur-einen-besuch-in-abano-terme\/\"><span class=\"title-round\">100<\/span><br \/><span class=\"text-round\">GR\u00dcNDE F\u00dcR <br \/>EINEN BESUCH IN<br \/>ABANO TERME<\/span><\/a><\/p>\n<\/div><\/div><\/div><\/div><\/div><\/div><img decoding=\"async\" class=\"wp-image-2489 avia-img-lazy-loading-not-2489\"  src=\"https:\/\/www.abanothermalcare.com\/wp-content\/uploads\/2022\/02\/Abano.jpg\" width=\"1200\" height=\"280\" title='Abano' alt=''  itemprop=\"thumbnailUrl\"  style='min-height:350px; min-width:1500px; ' srcset=\"https:\/\/www.abanothermalcare.com\/wp-content\/uploads\/2022\/02\/Abano.jpg 1200w, https:\/\/www.abanothermalcare.com\/wp-content\/uploads\/2022\/02\/Abano-300x70.jpg 300w, https:\/\/www.abanothermalcare.com\/wp-content\/uploads\/2022\/02\/Abano-1030x240.jpg 1030w, https:\/\/www.abanothermalcare.com\/wp-content\/uploads\/2022\/02\/Abano-768x179.jpg 768w, https:\/\/www.abanothermalcare.com\/wp-content\/uploads\/2022\/02\/Abano-705x165.jpg 705w, https:\/\/www.abanothermalcare.com\/wp-content\/uploads\/2022\/02\/Abano-600x140.jpg 600w\" sizes=\"(max-width: 1200px) 100vw, 1200px\" \/><\/div><\/li><\/ul><\/div><\/div><div id='after_full_slider_1'  class='main_color av_default_container_wrap container_wrap sidebar_right'  ><div class='container av-section-cont-open' ><div class='template-page content  av-content-small alpha units'><div class='post-entry post-entry-type-page post-entry-2025'><div class='entry-content-wrapper clearfix'>\n\n<style type=\"text\/css\" data-created_by=\"avia_inline_auto\" id=\"style-css-av-kzzd7fqs-a0b6e683d1e6ff82240f83392def2313\">\n#top .av-special-heading.av-kzzd7fqs-a0b6e683d1e6ff82240f83392def2313{\npadding-bottom:10px;\n}\nbody .av-special-heading.av-kzzd7fqs-a0b6e683d1e6ff82240f83392def2313 .av-special-heading-tag .heading-char{\nfont-size:25px;\n}\n.av-special-heading.av-kzzd7fqs-a0b6e683d1e6ff82240f83392def2313 .av-subheading{\nfont-size:15px;\n}\n<\/style>\n<div  class='av-special-heading av-kzzd7fqs-a0b6e683d1e6ff82240f83392def2313 av-special-heading-h1 blockquote modern-quote modern-centered  avia-builder-el-1  el_after_av_slideshow_full  el_before_av_hr  avia-builder-el-first '><h1 class='av-special-heading-tag'  itemprop=\"headline\"  >Thermalcare<\/h1><div class=\"special-heading-border\"><div class=\"special-heading-inner-border\"><\/div><\/div><\/div>\n\n<style type=\"text\/css\" data-created_by=\"avia_inline_auto\" id=\"style-css-av-1g3ufr-be94bbe04faa5e3bcfe120fc864f4120\">\n#top .hr.hr-invisible.av-1g3ufr-be94bbe04faa5e3bcfe120fc864f4120{\nheight:40px;\n}\n<\/style>\n<div  class='hr av-1g3ufr-be94bbe04faa5e3bcfe120fc864f4120 hr-invisible  avia-builder-el-2  el_after_av_heading  el_before_av_textblock '><span class='hr-inner '><span class=\"hr-inner-style\"><\/span><\/span><\/div>\n<section  class='av_textblock_section av-kzzd7owi-3a751b61aabc16dd2363c667f20d3601'  itemscope=\"itemscope\" itemtype=\"https:\/\/schema.org\/CreativeWork\" ><div class='avia_textblock'  itemprop=\"text\" ><p style=\"text-align: center;\">In Abano und Montegrotto Terme hat die Schlammtherapie eine sehr lange Geschichte, die mehr als 2000 Jahre zur\u00fcckreicht und noch heute diese Gebiete und die &#8222;ThermalCare: Abano In Benessere&#8220; Hotels pr\u00e4gt.<br \/>\nDie Verarbeitung und Reifung erfolgt in den Becken der Thermalzentren der Hotels; der Reifungsprozess dauert 50\/60 Tage, an dessen Ende eine besondere Alge entsteht, die einen entz\u00fcndungshemmenden Wirkstoff enth\u00e4lt, so dass die Universit\u00e4t Padua unseren Schlamm als &#8222;Naturmedizin&#8220; eingestuft hat.<\/p>\n<p style=\"text-align: center;\">Die Anwendung auf dem K\u00f6rper durch qualifiziertes Personal, nach R\u00fccksprache mit einem Arzt im Hotel, erzeugt eine thermische Reaktion, die Hormone freisetzt, insbesondere Cortisol und Endorphine, die hervorragend entz\u00fcndungshemmend und schmerzlindernd sind.<br \/>\nAu\u00dferdem wird unser Schlamm st\u00e4ndig von der Universit\u00e4t Padua kontrolliert, um seine Eigenschaften zu \u00fcberwachen.<\/p>\n<p style=\"text-align: center;\">Der euganeische Schlamm und das Thermalwasser sind das wirksamste Mittel zur Bek\u00e4mpfung von Arthrose, Arthritis, Osteoporose, Tendinitis, Spondylitis, Muskelentz\u00fcndungen, extraartikul\u00e4rem Rheuma und Fibromyalgie; sie sind auch ein grundlegendes Hilfsmittel bei Rehabilitationsbehandlungen nach Traumata und nach Operationen.<\/p>\n<p style=\"text-align: center;\">Die Wohltaten des Thermalwassers k\u00f6nnen auch durch Inhalationstherapien genossen werden, die bei Erkrankungen wie Rhinitis, Sinusitis, Otitis und Bronchitis angezeigt sind, aber auch durch Hydrokinesitherapien, die in Thermalbecken durchgef\u00fchrt werden und eine entkrampfende, myorelaxierende und revitalisierende Wirkung haben.<\/p>\n<p style=\"text-align: center;\">Die Einzigartigkeit der Hotels &#8222;Abano in Benessere&#8220; (und aller Hotels des Euganeischen Beckens) besteht darin, dass jedes von ihnen \u00fcber ein eigenes internes Thermalzentrum verf\u00fcgt, zu dem die G\u00e4ste direkt von ihren Zimmern aus Zugang haben; au\u00dferdem steht den G\u00e4sten eine qualifizierte Gesundheitseinrichtung zur Verf\u00fcgung, die sicherstellt, dass die angeforderten Thermalkuren keine Kontraindikationen f\u00fcr die Gesundheit darstellen.<\/p>\n<\/div><\/section>\n<\/div><\/div><\/div><!-- close content main div --><\/div><\/div><div id='av-layout-grid-1'  class='av-layout-grid-container av-19bf1z-10ac441658d24686106dd6a5fc5249f7 entry-content-wrapper main_color av-flex-cells  avia-builder-el-4  el_after_av_textblock  avia-builder-el-last  grid-row-not-first  container_wrap sidebar_right'  >\n\n<style type=\"text\/css\" data-created_by=\"avia_inline_auto\" id=\"style-css-av-1102tj-604802555317e3f0ca2fab5e1f91e3f6\">\n.flex_cell.av-1102tj-604802555317e3f0ca2fab5e1f91e3f6{\nvertical-align:top;\npadding:90px 50px 90px 50px;\nbackground:url(https:\/\/www.abanothermalcare.com\/wp-content\/uploads\/2022\/01\/Abano-Thermalcare-Beauty.jpg) 50% 50% no-repeat scroll ;\n}\n<\/style>\n<div class='flex_cell av_one_half av-1102tj-604802555317e3f0ca2fab5e1f91e3f6 no_margin  avia-builder-el-5  el_before_av_cell_one_half  avia-builder-el-first  avia-full-stretch' ><div class='flex_cell_inner'><\/div><\/div>\n<style type=\"text\/css\" data-created_by=\"avia_inline_auto\" id=\"style-css-av-x1p1r-2ee116b012f65fb12bc285885f359043\">\n.flex_cell.av-x1p1r-2ee116b012f65fb12bc285885f359043{\nvertical-align:top;\npadding:90px 50px 90px 50px;\nbackground-color:#f3f3f3;\n}\n<\/style>\n<div class='flex_cell av_one_half av-x1p1r-2ee116b012f65fb12bc285885f359043 no_margin  avia-builder-el-6  el_after_av_cell_one_half  avia-builder-el-last ' ><div class='flex_cell_inner'><p><section  class='av_textblock_section av-on0fz-80aa46da615d9d08972ac4d5263c84df'  itemscope=\"itemscope\" itemtype=\"https:\/\/schema.org\/CreativeWork\" ><div class='avia_textblock valigia-home'  itemprop=\"text\" ><p><lord-icon src=\"https:\/\/cdn.lordicon.com\/yjxwpxnh.json\" trigger=\"loop\" delay=\"500\" colors=\"primary:#0171bb,secondary:#48ca62\" style=\"width:200px;height:200px;text-align:center;\"><br \/>\n<\/lord-icon><\/p>\n<\/div><\/section><br \/>\n\n<style type=\"text\/css\" data-created_by=\"avia_inline_auto\" id=\"style-css-av-ihayn-084bf90c81c2b2ab70fb578b60ecdd57\">\n#top .av-special-heading.av-ihayn-084bf90c81c2b2ab70fb578b60ecdd57{\npadding-bottom:10px;\ncolor:#0072bb;\n}\nbody .av-special-heading.av-ihayn-084bf90c81c2b2ab70fb578b60ecdd57 .av-special-heading-tag .heading-char{\nfont-size:25px;\n}\n.av-special-heading.av-ihayn-084bf90c81c2b2ab70fb578b60ecdd57 .special-heading-inner-border{\nborder-color:#0072bb;\n}\n.av-special-heading.av-ihayn-084bf90c81c2b2ab70fb578b60ecdd57 .av-subheading{\nfont-size:15px;\n}\n<\/style>\n<div  class='av-special-heading av-ihayn-084bf90c81c2b2ab70fb578b60ecdd57 av-special-heading-h2 custom-color-heading blockquote modern-quote modern-centered  avia-builder-el-8  el_after_av_textblock  el_before_av_textblock '><h2 class='av-special-heading-tag'  itemprop=\"headline\"  >Fordern Sie ein Angebot an und erhalten Sie drei!<\/h2><div class=\"special-heading-border\"><div class=\"special-heading-inner-border\"><\/div><\/div><\/div><br \/>\n<section  class='av_textblock_section av-ftplr-f27718e7dfc34236118a9efc6be74021'  itemscope=\"itemscope\" itemtype=\"https:\/\/schema.org\/CreativeWork\" ><div class='avia_textblock'  itemprop=\"text\" ><p style=\"text-align: center;\">Klicken Sie und erhalten Sie drei Preise! Unsere Hotels in Abano Terme freuen sich darauf, Sie zu empfangen<\/p>\n<\/div><\/section><br \/>\n<div  class='avia-button-wrap avia-button-center  avia-builder-el-10  el_after_av_textblock  avia-builder-el-last ' >\n<style type=\"text\/css\" data-created_by=\"avia_inline_auto\" id=\"style-css-av-7n3w7-8c8353dd27315a6a5bbb41c5db6a9f4c\">\n#top #wrap_all .avia-button.av-7n3w7-8c8353dd27315a6a5bbb41c5db6a9f4c{\nbackground-color:#0072bb;\nborder-color:#0072bb;\ncolor:#ffffff;\ntransition:all 0.4s ease-in-out;\n-webkit-transition:all 0.4s ease-in-out;\n-moz-transition:all 0.4s ease-in-out;\n-ms-transition:all 0.4s ease-in-out;\n-o-transition:all 0.4s ease-in-out;\n}\n<\/style>\n<a href='https:\/\/www.abanothermalcare.com\/de\/kontakt\/'  class='avia-button av-7n3w7-8c8353dd27315a6a5bbb41c5db6a9f4c avia-icon_select-no avia-size-x-large avia-position-center' ><span class='avia_iconbox_title' >Angebot anfordern<\/span><\/a><\/div><\/p>\n<\/div><\/div>\n<\/div>\n","protected":false},"excerpt":{"rendered":"","protected":false},"author":1,"featured_media":0,"parent":0,"menu_order":0,"comment_status":"closed","ping_status":"closed","template":"","meta":{"footnotes":""},"class_list":["post-2025","page","type-page","status-publish","hentry"],"yoast_head":"<!-- This site is optimized with the Yoast SEO plugin v26.0 - https:\/\/yoast.com\/wordpress\/plugins\/seo\/ -->\n<title>Thermalcare - Abano Thermal Care<\/title>\n<meta name=\"robots\" content=\"index, follow, max-snippet:-1, max-image-preview:large, max-video-preview:-1\" \/>\n<link rel=\"canonical\" href=\"https:\/\/www.abanothermalcare.com\/de\/thermalcare\/\" \/>\n<meta property=\"og:locale\" content=\"de_DE\" \/>\n<meta property=\"og:type\" content=\"article\" \/>\n<meta property=\"og:title\" content=\"Thermalcare - Abano Thermal Care\" \/>\n<meta property=\"og:url\" content=\"https:\/\/www.abanothermalcare.com\/de\/thermalcare\/\" \/>\n<meta property=\"og:site_name\" content=\"Abano Thermal Care\" \/>\n<meta property=\"article:publisher\" content=\"https:\/\/www.facebook.com\/abanothermalcare\" \/>\n<meta property=\"article:modified_time\" content=\"2022-02-25T18:58:39+00:00\" \/>\n<meta name=\"twitter:card\" content=\"summary_large_image\" \/>\n<meta name=\"twitter:label1\" content=\"Gesch\u00e4tzte Lesezeit\" \/>\n\t<meta name=\"twitter:data1\" content=\"7\u00a0Minuten\" \/>\n<script type=\"application\/ld+json\" class=\"yoast-schema-graph\">{\"@context\":\"https:\/\/schema.org\",\"@graph\":[{\"@type\":\"WebPage\",\"@id\":\"https:\/\/www.abanothermalcare.com\/de\/thermalcare\/\",\"url\":\"https:\/\/www.abanothermalcare.com\/de\/thermalcare\/\",\"name\":\"Thermalcare - Abano Thermal Care\",\"isPartOf\":{\"@id\":\"https:\/\/www.abanothermalcare.com\/de\/#website\"},\"datePublished\":\"2022-01-18T15:53:20+00:00\",\"dateModified\":\"2022-02-25T18:58:39+00:00\",\"breadcrumb\":{\"@id\":\"https:\/\/www.abanothermalcare.com\/de\/thermalcare\/#breadcrumb\"},\"inLanguage\":\"de\",\"potentialAction\":[{\"@type\":\"ReadAction\",\"target\":[\"https:\/\/www.abanothermalcare.com\/de\/thermalcare\/\"]}]},{\"@type\":\"BreadcrumbList\",\"@id\":\"https:\/\/www.abanothermalcare.com\/de\/thermalcare\/#breadcrumb\",\"itemListElement\":[{\"@type\":\"ListItem\",\"position\":1,\"name\":\"Home\",\"item\":\"https:\/\/www.abanothermalcare.com\/de\/homepage\/\"},{\"@type\":\"ListItem\",\"position\":2,\"name\":\"Thermalcare\"}]},{\"@type\":\"WebSite\",\"@id\":\"https:\/\/www.abanothermalcare.com\/de\/#website\",\"url\":\"https:\/\/www.abanothermalcare.com\/de\/\",\"name\":\"Abano Thermal Care\",\"description\":\"Abano in benessere\",\"publisher\":{\"@id\":\"https:\/\/www.abanothermalcare.com\/de\/#organization\"},\"potentialAction\":[{\"@type\":\"SearchAction\",\"target\":{\"@type\":\"EntryPoint\",\"urlTemplate\":\"https:\/\/www.abanothermalcare.com\/de\/?s={search_term_string}\"},\"query-input\":{\"@type\":\"PropertyValueSpecification\",\"valueRequired\":true,\"valueName\":\"search_term_string\"}}],\"inLanguage\":\"de\"},{\"@type\":\"Organization\",\"@id\":\"https:\/\/www.abanothermalcare.com\/de\/#organization\",\"name\":\"Abano Thermalcare\",\"url\":\"https:\/\/www.abanothermalcare.com\/de\/\",\"logo\":{\"@type\":\"ImageObject\",\"inLanguage\":\"de\",\"@id\":\"https:\/\/www.abanothermalcare.com\/de\/#\/schema\/logo\/image\/\",\"url\":\"https:\/\/www.abanothermalcare.com\/wp-content\/uploads\/2022\/02\/Abano-Thermalcare-logo.png\",\"contentUrl\":\"https:\/\/www.abanothermalcare.com\/wp-content\/uploads\/2022\/02\/Abano-Thermalcare-logo.png\",\"width\":753,\"height\":148,\"caption\":\"Abano Thermalcare\"},\"image\":{\"@id\":\"https:\/\/www.abanothermalcare.com\/de\/#\/schema\/logo\/image\/\"},\"sameAs\":[\"https:\/\/www.facebook.com\/abanothermalcare\"]}]}<\/script>\n<!-- \/ Yoast SEO plugin. -->","yoast_head_json":{"title":"Thermalcare - Abano Thermal Care","robots":{"index":"index","follow":"follow","max-snippet":"max-snippet:-1","max-image-preview":"max-image-preview:large","max-video-preview":"max-video-preview:-1"},"canonical":"https:\/\/www.abanothermalcare.com\/de\/thermalcare\/","og_locale":"de_DE","og_type":"article","og_title":"Thermalcare - Abano Thermal Care","og_url":"https:\/\/www.abanothermalcare.com\/de\/thermalcare\/","og_site_name":"Abano Thermal Care","article_publisher":"https:\/\/www.facebook.com\/abanothermalcare","article_modified_time":"2022-02-25T18:58:39+00:00","twitter_card":"summary_large_image","twitter_misc":{"Gesch\u00e4tzte Lesezeit":"7\u00a0Minuten"},"schema":{"@context":"https:\/\/schema.org","@graph":[{"@type":"WebPage","@id":"https:\/\/www.abanothermalcare.com\/de\/thermalcare\/","url":"https:\/\/www.abanothermalcare.com\/de\/thermalcare\/","name":"Thermalcare - Abano Thermal Care","isPartOf":{"@id":"https:\/\/www.abanothermalcare.com\/de\/#website"},"datePublished":"2022-01-18T15:53:20+00:00","dateModified":"2022-02-25T18:58:39+00:00","breadcrumb":{"@id":"https:\/\/www.abanothermalcare.com\/de\/thermalcare\/#breadcrumb"},"inLanguage":"de","potentialAction":[{"@type":"ReadAction","target":["https:\/\/www.abanothermalcare.com\/de\/thermalcare\/"]}]},{"@type":"BreadcrumbList","@id":"https:\/\/www.abanothermalcare.com\/de\/thermalcare\/#breadcrumb","itemListElement":[{"@type":"ListItem","position":1,"name":"Home","item":"https:\/\/www.abanothermalcare.com\/de\/homepage\/"},{"@type":"ListItem","position":2,"name":"Thermalcare"}]},{"@type":"WebSite","@id":"https:\/\/www.abanothermalcare.com\/de\/#website","url":"https:\/\/www.abanothermalcare.com\/de\/","name":"Abano Thermal Care","description":"Abano in benessere","publisher":{"@id":"https:\/\/www.abanothermalcare.com\/de\/#organization"},"potentialAction":[{"@type":"SearchAction","target":{"@type":"EntryPoint","urlTemplate":"https:\/\/www.abanothermalcare.com\/de\/?s={search_term_string}"},"query-input":{"@type":"PropertyValueSpecification","valueRequired":true,"valueName":"search_term_string"}}],"inLanguage":"de"},{"@type":"Organization","@id":"https:\/\/www.abanothermalcare.com\/de\/#organization","name":"Abano Thermalcare","url":"https:\/\/www.abanothermalcare.com\/de\/","logo":{"@type":"ImageObject","inLanguage":"de","@id":"https:\/\/www.abanothermalcare.com\/de\/#\/schema\/logo\/image\/","url":"https:\/\/www.abanothermalcare.com\/wp-content\/uploads\/2022\/02\/Abano-Thermalcare-logo.png","contentUrl":"https:\/\/www.abanothermalcare.com\/wp-content\/uploads\/2022\/02\/Abano-Thermalcare-logo.png","width":753,"height":148,"caption":"Abano Thermalcare"},"image":{"@id":"https:\/\/www.abanothermalcare.com\/de\/#\/schema\/logo\/image\/"},"sameAs":["https:\/\/www.facebook.com\/abanothermalcare"]}]}},"_links":{"self":[{"href":"https:\/\/www.abanothermalcare.com\/de\/wp-json\/wp\/v2\/pages\/2025","targetHints":{"allow":["GET"]}}],"collection":[{"href":"https:\/\/www.abanothermalcare.com\/de\/wp-json\/wp\/v2\/pages"}],"about":[{"href":"https:\/\/www.abanothermalcare.com\/de\/wp-json\/wp\/v2\/types\/page"}],"author":[{"embeddable":true,"href":"https:\/\/www.abanothermalcare.com\/de\/wp-json\/wp\/v2\/users\/1"}],"replies":[{"embeddable":true,"href":"https:\/\/www.abanothermalcare.com\/de\/wp-json\/wp\/v2\/comments?post=2025"}],"version-history":[{"count":8,"href":"https:\/\/www.abanothermalcare.com\/de\/wp-json\/wp\/v2\/pages\/2025\/revisions"}],"predecessor-version":[{"id":2955,"href":"https:\/\/www.abanothermalcare.com\/de\/wp-json\/wp\/v2\/pages\/2025\/revisions\/2955"}],"wp:attachment":[{"href":"https:\/\/www.abanothermalcare.com\/de\/wp-json\/wp\/v2\/media?parent=2025"}],"curies":[{"name":"wp","href":"https:\/\/api.w.org\/{rel}","templated":true}]}}